{"id":399,"date":"2020-03-03T12:00:03","date_gmt":"2020-03-03T12:00:03","guid":{"rendered":"https:\/\/www.exariser.com\/serveis\/transporte-de-aridos-y-maquinaria\/"},"modified":"2020-11-19T18:38:00","modified_gmt":"2020-11-19T18:38:00","slug":"transport-darids-i-maquinaria","status":"publish","type":"page","link":"https:\/\/www.exariser.com\/ca\/serveis\/transport-darids-i-maquinaria\/","title":{"rendered":"Transport d&#8217;\u00e0rids i maquin\u00e0ria"},"content":{"rendered":"","protected":false},"excerpt":{"rendered":"","protected":false},"author":2,"featured_media":0,"parent":353,"menu_order":0,"comment_status":"closed","ping_status":"closed","template":"","meta":{"_joinchat":[],"footnotes":""},"class_list":["post-399","page","type-page","status-publish","hentry"],"yoast_head":"<!-- This site is optimized with the Yoast SEO plugin v23.7 - https:\/\/yoast.com\/wordpress\/plugins\/seo\/ -->\n<title>Servei de transport d&#039;\u00e0rids i maquin\u00e0ria | EXARISER<\/title>\n<meta name=\"description\" content=\"En la construcci\u00f3 es treballa generalment amb grans volums d&#039;\u00e0rids, a Exariser diposem de servei de transport d&#039;\u00e0rids i maquin\u00e0ria.\" \/>\n<meta name=\"robots\" content=\"index, follow, max-snippet:-1, max-image-preview:large, max-video-preview:-1\" \/>\n<link rel=\"canonical\" href=\"https:\/\/www.exariser.com\/ca\/serveis\/transport-darids-i-maquinaria\/\" \/>\n<meta property=\"og:locale\" content=\"ca_ES\" \/>\n<meta property=\"og:type\" content=\"article\" \/>\n<meta property=\"og:title\" content=\"Servei de transport d&#039;\u00e0rids i maquin\u00e0ria | EXARISER\" \/>\n<meta property=\"og:description\" content=\"En la construcci\u00f3 es treballa generalment amb grans volums d&#039;\u00e0rids, a Exariser diposem de servei de transport d&#039;\u00e0rids i maquin\u00e0ria.\" \/>\n<meta property=\"og:url\" content=\"https:\/\/www.exariser.com\/ca\/serveis\/transport-darids-i-maquinaria\/\" \/>\n<meta property=\"og:site_name\" content=\"exariser.com\" \/>\n<meta property=\"article:modified_time\" content=\"2020-11-19T18:38:00+00:00\" \/>\n<meta name=\"twitter:card\" content=\"summary_large_image\" \/>\n<script type=\"application\/ld+json\" class=\"yoast-schema-graph\">{\"@context\":\"https:\/\/schema.org\",\"@graph\":[{\"@type\":\"WebPage\",\"@id\":\"https:\/\/www.exariser.com\/ca\/serveis\/transport-darids-i-maquinaria\/\",\"url\":\"https:\/\/www.exariser.com\/ca\/serveis\/transport-darids-i-maquinaria\/\",\"name\":\"Servei de transport d'\u00e0rids i maquin\u00e0ria | EXARISER\",\"isPartOf\":{\"@id\":\"https:\/\/www.exariser.com\/ca\/#website\"},\"datePublished\":\"2020-03-03T12:00:03+00:00\",\"dateModified\":\"2020-11-19T18:38:00+00:00\",\"description\":\"En la construcci\u00f3 es treballa generalment amb grans volums d'\u00e0rids, a Exariser diposem de servei de transport d'\u00e0rids i maquin\u00e0ria.\",\"breadcrumb\":{\"@id\":\"https:\/\/www.exariser.com\/ca\/serveis\/transport-darids-i-maquinaria\/#breadcrumb\"},\"inLanguage\":\"ca\",\"potentialAction\":[{\"@type\":\"ReadAction\",\"target\":[\"https:\/\/www.exariser.com\/ca\/serveis\/transport-darids-i-maquinaria\/\"]}]},{\"@type\":\"BreadcrumbList\",\"@id\":\"https:\/\/www.exariser.com\/ca\/serveis\/transport-darids-i-maquinaria\/#breadcrumb\",\"itemListElement\":[{\"@type\":\"ListItem\",\"position\":1,\"name\":\"Portada\",\"item\":\"https:\/\/www.exariser.com\/ca\/\"},{\"@type\":\"ListItem\",\"position\":2,\"name\":\"Serveis\",\"item\":\"https:\/\/www.exariser.com\/ca\/serveis\/\"},{\"@type\":\"ListItem\",\"position\":3,\"name\":\"Transport d&#8217;\u00e0rids i maquin\u00e0ria\"}]},{\"@type\":\"WebSite\",\"@id\":\"https:\/\/www.exariser.com\/ca\/#website\",\"url\":\"https:\/\/www.exariser.com\/ca\/\",\"name\":\"exariser.com\",\"description\":\"Otro sitio realizado con WordPress\",\"publisher\":{\"@id\":\"https:\/\/www.exariser.com\/ca\/#organization\"},\"potentialAction\":[{\"@type\":\"SearchAction\",\"target\":{\"@type\":\"EntryPoint\",\"urlTemplate\":\"https:\/\/www.exariser.com\/ca\/?s={search_term_string}\"},\"query-input\":{\"@type\":\"PropertyValueSpecification\",\"valueRequired\":true,\"valueName\":\"search_term_string\"}}],\"inLanguage\":\"ca\"},{\"@type\":\"Organization\",\"@id\":\"https:\/\/www.exariser.com\/ca\/#organization\",\"name\":\"EXARISER\",\"url\":\"https:\/\/www.exariser.com\/ca\/\",\"logo\":{\"@type\":\"ImageObject\",\"inLanguage\":\"ca\",\"@id\":\"https:\/\/www.exariser.com\/ca\/#\/schema\/logo\/image\/\",\"url\":\"https:\/\/www.exariser.com\/wp-content\/uploads\/2020\/05\/exariser-logo.jpg\",\"contentUrl\":\"https:\/\/www.exariser.com\/wp-content\/uploads\/2020\/05\/exariser-logo.jpg\",\"width\":460,\"height\":98,\"caption\":\"EXARISER\"},\"image\":{\"@id\":\"https:\/\/www.exariser.com\/ca\/#\/schema\/logo\/image\/\"}}]}<\/script>\n<!-- \/ Yoast SEO plugin. -->","yoast_head_json":{"title":"Servei de transport d'\u00e0rids i maquin\u00e0ria | EXARISER","description":"En la construcci\u00f3 es treballa generalment amb grans volums d'\u00e0rids, a Exariser diposem de servei de transport d'\u00e0rids i maquin\u00e0ria.","robots":{"index":"index","follow":"follow","max-snippet":"max-snippet:-1","max-image-preview":"max-image-preview:large","max-video-preview":"max-video-preview:-1"},"canonical":"https:\/\/www.exariser.com\/ca\/serveis\/transport-darids-i-maquinaria\/","og_locale":"ca_ES","og_type":"article","og_title":"Servei de transport d'\u00e0rids i maquin\u00e0ria | EXARISER","og_description":"En la construcci\u00f3 es treballa generalment amb grans volums d'\u00e0rids, a Exariser diposem de servei de transport d'\u00e0rids i maquin\u00e0ria.","og_url":"https:\/\/www.exariser.com\/ca\/serveis\/transport-darids-i-maquinaria\/","og_site_name":"exariser.com","article_modified_time":"2020-11-19T18:38:00+00:00","twitter_card":"summary_large_image","schema":{"@context":"https:\/\/schema.org","@graph":[{"@type":"WebPage","@id":"https:\/\/www.exariser.com\/ca\/serveis\/transport-darids-i-maquinaria\/","url":"https:\/\/www.exariser.com\/ca\/serveis\/transport-darids-i-maquinaria\/","name":"Servei de transport d'\u00e0rids i maquin\u00e0ria | EXARISER","isPartOf":{"@id":"https:\/\/www.exariser.com\/ca\/#website"},"datePublished":"2020-03-03T12:00:03+00:00","dateModified":"2020-11-19T18:38:00+00:00","description":"En la construcci\u00f3 es treballa generalment amb grans volums d'\u00e0rids, a Exariser diposem de servei de transport d'\u00e0rids i maquin\u00e0ria.","breadcrumb":{"@id":"https:\/\/www.exariser.com\/ca\/serveis\/transport-darids-i-maquinaria\/#breadcrumb"},"inLanguage":"ca","potentialAction":[{"@type":"ReadAction","target":["https:\/\/www.exariser.com\/ca\/serveis\/transport-darids-i-maquinaria\/"]}]},{"@type":"BreadcrumbList","@id":"https:\/\/www.exariser.com\/ca\/serveis\/transport-darids-i-maquinaria\/#breadcrumb","itemListElement":[{"@type":"ListItem","position":1,"name":"Portada","item":"https:\/\/www.exariser.com\/ca\/"},{"@type":"ListItem","position":2,"name":"Serveis","item":"https:\/\/www.exariser.com\/ca\/serveis\/"},{"@type":"ListItem","position":3,"name":"Transport d&#8217;\u00e0rids i maquin\u00e0ria"}]},{"@type":"WebSite","@id":"https:\/\/www.exariser.com\/ca\/#website","url":"https:\/\/www.exariser.com\/ca\/","name":"exariser.com","description":"Otro sitio realizado con WordPress","publisher":{"@id":"https:\/\/www.exariser.com\/ca\/#organization"},"potentialAction":[{"@type":"SearchAction","target":{"@type":"EntryPoint","urlTemplate":"https:\/\/www.exariser.com\/ca\/?s={search_term_string}"},"query-input":{"@type":"PropertyValueSpecification","valueRequired":true,"valueName":"search_term_string"}}],"inLanguage":"ca"},{"@type":"Organization","@id":"https:\/\/www.exariser.com\/ca\/#organization","name":"EXARISER","url":"https:\/\/www.exariser.com\/ca\/","logo":{"@type":"ImageObject","inLanguage":"ca","@id":"https:\/\/www.exariser.com\/ca\/#\/schema\/logo\/image\/","url":"https:\/\/www.exariser.com\/wp-content\/uploads\/2020\/05\/exariser-logo.jpg","contentUrl":"https:\/\/www.exariser.com\/wp-content\/uploads\/2020\/05\/exariser-logo.jpg","width":460,"height":98,"caption":"EXARISER"},"image":{"@id":"https:\/\/www.exariser.com\/ca\/#\/schema\/logo\/image\/"}}]}},"_links":{"self":[{"href":"https:\/\/www.exariser.com\/ca\/wp-json\/wp\/v2\/pages\/399"}],"collection":[{"href":"https:\/\/www.exariser.com\/ca\/wp-json\/wp\/v2\/pages"}],"about":[{"href":"https:\/\/www.exariser.com\/ca\/wp-json\/wp\/v2\/types\/page"}],"author":[{"embeddable":true,"href":"https:\/\/www.exariser.com\/ca\/wp-json\/wp\/v2\/users\/2"}],"replies":[{"embeddable":true,"href":"https:\/\/www.exariser.com\/ca\/wp-json\/wp\/v2\/comments?post=399"}],"version-history":[{"count":1,"href":"https:\/\/www.exariser.com\/ca\/wp-json\/wp\/v2\/pages\/399\/revisions"}],"predecessor-version":[{"id":401,"href":"https:\/\/www.exariser.com\/ca\/wp-json\/wp\/v2\/pages\/399\/revisions\/401"}],"up":[{"embeddable":true,"href":"https:\/\/www.exariser.com\/ca\/wp-json\/wp\/v2\/pages\/353"}],"wp:attachment":[{"href":"https:\/\/www.exariser.com\/ca\/wp-json\/wp\/v2\/media?parent=399"}],"curies":[{"name":"wp","href":"https:\/\/api.w.org\/{rel}","templated":true}]}}