{"id":386,"date":"2020-03-03T11:11:25","date_gmt":"2020-03-03T11:11:25","guid":{"rendered":"https:\/\/www.exariser.com\/serveis\/muros-de-rocalla\/"},"modified":"2020-11-19T18:20:35","modified_gmt":"2020-11-19T18:20:35","slug":"murs-de-rocalla","status":"publish","type":"page","link":"https:\/\/www.exariser.com\/ca\/serveis\/murs-de-rocalla\/","title":{"rendered":"Murs de rocalla"},"content":{"rendered":"","protected":false},"excerpt":{"rendered":"","protected":false},"author":2,"featured_media":0,"parent":353,"menu_order":0,"comment_status":"closed","ping_status":"closed","template":"","meta":{"_joinchat":[],"footnotes":""},"class_list":["post-386","page","type-page","status-publish","hentry"],"yoast_head":"<!-- This site is optimized with the Yoast SEO plugin v23.7 - https:\/\/yoast.com\/wordpress\/plugins\/seo\/ -->\n<title>Murs de rocalla contenci\u00f3 de terres | EXARISER<\/title>\n<meta name=\"description\" content=\"Els murs de rocalla s\u00f3n perfectes per aconseguir protecci\u00f3 quan es busca un m\u00e8tode efica\u00e7, est\u00e8tic i econ\u00f2mic per a la contenci\u00f3 de terres.\" \/>\n<meta name=\"robots\" content=\"index, follow, max-snippet:-1, max-image-preview:large, max-video-preview:-1\" \/>\n<link rel=\"canonical\" href=\"https:\/\/www.exariser.com\/ca\/serveis\/murs-de-rocalla\/\" \/>\n<meta property=\"og:locale\" content=\"ca_ES\" \/>\n<meta property=\"og:type\" content=\"article\" \/>\n<meta property=\"og:title\" content=\"Murs de rocalla contenci\u00f3 de terres | EXARISER\" \/>\n<meta property=\"og:description\" content=\"Els murs de rocalla s\u00f3n perfectes per aconseguir protecci\u00f3 quan es busca un m\u00e8tode efica\u00e7, est\u00e8tic i econ\u00f2mic per a la contenci\u00f3 de terres.\" \/>\n<meta property=\"og:url\" content=\"https:\/\/www.exariser.com\/ca\/serveis\/murs-de-rocalla\/\" \/>\n<meta property=\"og:site_name\" content=\"exariser.com\" \/>\n<meta property=\"article:modified_time\" content=\"2020-11-19T18:20:35+00:00\" \/>\n<meta name=\"twitter:card\" content=\"summary_large_image\" \/>\n<script type=\"application\/ld+json\" class=\"yoast-schema-graph\">{\"@context\":\"https:\/\/schema.org\",\"@graph\":[{\"@type\":\"WebPage\",\"@id\":\"https:\/\/www.exariser.com\/ca\/serveis\/murs-de-rocalla\/\",\"url\":\"https:\/\/www.exariser.com\/ca\/serveis\/murs-de-rocalla\/\",\"name\":\"Murs de rocalla contenci\u00f3 de terres | EXARISER\",\"isPartOf\":{\"@id\":\"https:\/\/www.exariser.com\/ca\/#website\"},\"datePublished\":\"2020-03-03T11:11:25+00:00\",\"dateModified\":\"2020-11-19T18:20:35+00:00\",\"description\":\"Els murs de rocalla s\u00f3n perfectes per aconseguir protecci\u00f3 quan es busca un m\u00e8tode efica\u00e7, est\u00e8tic i econ\u00f2mic per a la contenci\u00f3 de terres.\",\"breadcrumb\":{\"@id\":\"https:\/\/www.exariser.com\/ca\/serveis\/murs-de-rocalla\/#breadcrumb\"},\"inLanguage\":\"ca\",\"potentialAction\":[{\"@type\":\"ReadAction\",\"target\":[\"https:\/\/www.exariser.com\/ca\/serveis\/murs-de-rocalla\/\"]}]},{\"@type\":\"BreadcrumbList\",\"@id\":\"https:\/\/www.exariser.com\/ca\/serveis\/murs-de-rocalla\/#breadcrumb\",\"itemListElement\":[{\"@type\":\"ListItem\",\"position\":1,\"name\":\"Portada\",\"item\":\"https:\/\/www.exariser.com\/ca\/\"},{\"@type\":\"ListItem\",\"position\":2,\"name\":\"Serveis\",\"item\":\"https:\/\/www.exariser.com\/ca\/serveis\/\"},{\"@type\":\"ListItem\",\"position\":3,\"name\":\"Murs de rocalla\"}]},{\"@type\":\"WebSite\",\"@id\":\"https:\/\/www.exariser.com\/ca\/#website\",\"url\":\"https:\/\/www.exariser.com\/ca\/\",\"name\":\"exariser.com\",\"description\":\"Otro sitio realizado con WordPress\",\"publisher\":{\"@id\":\"https:\/\/www.exariser.com\/ca\/#organization\"},\"potentialAction\":[{\"@type\":\"SearchAction\",\"target\":{\"@type\":\"EntryPoint\",\"urlTemplate\":\"https:\/\/www.exariser.com\/ca\/?s={search_term_string}\"},\"query-input\":{\"@type\":\"PropertyValueSpecification\",\"valueRequired\":true,\"valueName\":\"search_term_string\"}}],\"inLanguage\":\"ca\"},{\"@type\":\"Organization\",\"@id\":\"https:\/\/www.exariser.com\/ca\/#organization\",\"name\":\"EXARISER\",\"url\":\"https:\/\/www.exariser.com\/ca\/\",\"logo\":{\"@type\":\"ImageObject\",\"inLanguage\":\"ca\",\"@id\":\"https:\/\/www.exariser.com\/ca\/#\/schema\/logo\/image\/\",\"url\":\"https:\/\/www.exariser.com\/wp-content\/uploads\/2020\/05\/exariser-logo.jpg\",\"contentUrl\":\"https:\/\/www.exariser.com\/wp-content\/uploads\/2020\/05\/exariser-logo.jpg\",\"width\":460,\"height\":98,\"caption\":\"EXARISER\"},\"image\":{\"@id\":\"https:\/\/www.exariser.com\/ca\/#\/schema\/logo\/image\/\"}}]}<\/script>\n<!-- \/ Yoast SEO plugin. -->","yoast_head_json":{"title":"Murs de rocalla contenci\u00f3 de terres | EXARISER","description":"Els murs de rocalla s\u00f3n perfectes per aconseguir protecci\u00f3 quan es busca un m\u00e8tode efica\u00e7, est\u00e8tic i econ\u00f2mic per a la contenci\u00f3 de terres.","robots":{"index":"index","follow":"follow","max-snippet":"max-snippet:-1","max-image-preview":"max-image-preview:large","max-video-preview":"max-video-preview:-1"},"canonical":"https:\/\/www.exariser.com\/ca\/serveis\/murs-de-rocalla\/","og_locale":"ca_ES","og_type":"article","og_title":"Murs de rocalla contenci\u00f3 de terres | EXARISER","og_description":"Els murs de rocalla s\u00f3n perfectes per aconseguir protecci\u00f3 quan es busca un m\u00e8tode efica\u00e7, est\u00e8tic i econ\u00f2mic per a la contenci\u00f3 de terres.","og_url":"https:\/\/www.exariser.com\/ca\/serveis\/murs-de-rocalla\/","og_site_name":"exariser.com","article_modified_time":"2020-11-19T18:20:35+00:00","twitter_card":"summary_large_image","schema":{"@context":"https:\/\/schema.org","@graph":[{"@type":"WebPage","@id":"https:\/\/www.exariser.com\/ca\/serveis\/murs-de-rocalla\/","url":"https:\/\/www.exariser.com\/ca\/serveis\/murs-de-rocalla\/","name":"Murs de rocalla contenci\u00f3 de terres | EXARISER","isPartOf":{"@id":"https:\/\/www.exariser.com\/ca\/#website"},"datePublished":"2020-03-03T11:11:25+00:00","dateModified":"2020-11-19T18:20:35+00:00","description":"Els murs de rocalla s\u00f3n perfectes per aconseguir protecci\u00f3 quan es busca un m\u00e8tode efica\u00e7, est\u00e8tic i econ\u00f2mic per a la contenci\u00f3 de terres.","breadcrumb":{"@id":"https:\/\/www.exariser.com\/ca\/serveis\/murs-de-rocalla\/#breadcrumb"},"inLanguage":"ca","potentialAction":[{"@type":"ReadAction","target":["https:\/\/www.exariser.com\/ca\/serveis\/murs-de-rocalla\/"]}]},{"@type":"BreadcrumbList","@id":"https:\/\/www.exariser.com\/ca\/serveis\/murs-de-rocalla\/#breadcrumb","itemListElement":[{"@type":"ListItem","position":1,"name":"Portada","item":"https:\/\/www.exariser.com\/ca\/"},{"@type":"ListItem","position":2,"name":"Serveis","item":"https:\/\/www.exariser.com\/ca\/serveis\/"},{"@type":"ListItem","position":3,"name":"Murs de rocalla"}]},{"@type":"WebSite","@id":"https:\/\/www.exariser.com\/ca\/#website","url":"https:\/\/www.exariser.com\/ca\/","name":"exariser.com","description":"Otro sitio realizado con WordPress","publisher":{"@id":"https:\/\/www.exariser.com\/ca\/#organization"},"potentialAction":[{"@type":"SearchAction","target":{"@type":"EntryPoint","urlTemplate":"https:\/\/www.exariser.com\/ca\/?s={search_term_string}"},"query-input":{"@type":"PropertyValueSpecification","valueRequired":true,"valueName":"search_term_string"}}],"inLanguage":"ca"},{"@type":"Organization","@id":"https:\/\/www.exariser.com\/ca\/#organization","name":"EXARISER","url":"https:\/\/www.exariser.com\/ca\/","logo":{"@type":"ImageObject","inLanguage":"ca","@id":"https:\/\/www.exariser.com\/ca\/#\/schema\/logo\/image\/","url":"https:\/\/www.exariser.com\/wp-content\/uploads\/2020\/05\/exariser-logo.jpg","contentUrl":"https:\/\/www.exariser.com\/wp-content\/uploads\/2020\/05\/exariser-logo.jpg","width":460,"height":98,"caption":"EXARISER"},"image":{"@id":"https:\/\/www.exariser.com\/ca\/#\/schema\/logo\/image\/"}}]}},"_links":{"self":[{"href":"https:\/\/www.exariser.com\/ca\/wp-json\/wp\/v2\/pages\/386"}],"collection":[{"href":"https:\/\/www.exariser.com\/ca\/wp-json\/wp\/v2\/pages"}],"about":[{"href":"https:\/\/www.exariser.com\/ca\/wp-json\/wp\/v2\/types\/page"}],"author":[{"embeddable":true,"href":"https:\/\/www.exariser.com\/ca\/wp-json\/wp\/v2\/users\/2"}],"replies":[{"embeddable":true,"href":"https:\/\/www.exariser.com\/ca\/wp-json\/wp\/v2\/comments?post=386"}],"version-history":[{"count":1,"href":"https:\/\/www.exariser.com\/ca\/wp-json\/wp\/v2\/pages\/386\/revisions"}],"predecessor-version":[{"id":388,"href":"https:\/\/www.exariser.com\/ca\/wp-json\/wp\/v2\/pages\/386\/revisions\/388"}],"up":[{"embeddable":true,"href":"https:\/\/www.exariser.com\/ca\/wp-json\/wp\/v2\/pages\/353"}],"wp:attachment":[{"href":"https:\/\/www.exariser.com\/ca\/wp-json\/wp\/v2\/media?parent=386"}],"curies":[{"name":"wp","href":"https:\/\/api.w.org\/{rel}","templated":true}]}}