{"id":361,"date":"2020-03-03T11:27:26","date_gmt":"2020-03-03T11:27:26","guid":{"rendered":"https:\/\/www.exariser.com\/serveis\/descontaminacion-de-suelo\/"},"modified":"2020-11-19T18:28:46","modified_gmt":"2020-11-19T18:28:46","slug":"descontaminacio-de-sol","status":"publish","type":"page","link":"https:\/\/www.exariser.com\/ca\/serveis\/descontaminacio-de-sol\/","title":{"rendered":"Descontaminaci\u00f3 de s\u00f2l"},"content":{"rendered":"","protected":false},"excerpt":{"rendered":"","protected":false},"author":2,"featured_media":0,"parent":353,"menu_order":0,"comment_status":"closed","ping_status":"closed","template":"","meta":{"_joinchat":[],"footnotes":""},"class_list":["post-361","page","type-page","status-publish","hentry"],"yoast_head":"<!-- This site is optimized with the Yoast SEO plugin v23.7 - https:\/\/yoast.com\/wordpress\/plugins\/seo\/ -->\n<title>Descontaminaci\u00f3 de s\u00f2l i transport de terres contaminades | EXARISER<\/title>\n<meta name=\"description\" content=\"Amb el servei de descontaminaci\u00f3 de s\u00f2l, Exariser contribueix a l&#039;sosteniment mediambiental de l&#039;planeta i a garantir la salut de les persones.\" \/>\n<meta name=\"robots\" content=\"index, follow, max-snippet:-1, max-image-preview:large, max-video-preview:-1\" \/>\n<link rel=\"canonical\" href=\"https:\/\/www.exariser.com\/ca\/serveis\/descontaminacio-de-sol\/\" \/>\n<meta property=\"og:locale\" content=\"ca_ES\" \/>\n<meta property=\"og:type\" content=\"article\" \/>\n<meta property=\"og:title\" content=\"Descontaminaci\u00f3 de s\u00f2l i transport de terres contaminades | EXARISER\" \/>\n<meta property=\"og:description\" content=\"Amb el servei de descontaminaci\u00f3 de s\u00f2l, Exariser contribueix a l&#039;sosteniment mediambiental de l&#039;planeta i a garantir la salut de les persones.\" \/>\n<meta property=\"og:url\" content=\"https:\/\/www.exariser.com\/ca\/serveis\/descontaminacio-de-sol\/\" \/>\n<meta property=\"og:site_name\" content=\"exariser.com\" \/>\n<meta property=\"article:modified_time\" content=\"2020-11-19T18:28:46+00:00\" \/>\n<meta name=\"twitter:card\" content=\"summary_large_image\" \/>\n<script type=\"application\/ld+json\" class=\"yoast-schema-graph\">{\"@context\":\"https:\/\/schema.org\",\"@graph\":[{\"@type\":\"WebPage\",\"@id\":\"https:\/\/www.exariser.com\/ca\/serveis\/descontaminacio-de-sol\/\",\"url\":\"https:\/\/www.exariser.com\/ca\/serveis\/descontaminacio-de-sol\/\",\"name\":\"Descontaminaci\u00f3 de s\u00f2l i transport de terres contaminades | EXARISER\",\"isPartOf\":{\"@id\":\"https:\/\/www.exariser.com\/ca\/#website\"},\"datePublished\":\"2020-03-03T11:27:26+00:00\",\"dateModified\":\"2020-11-19T18:28:46+00:00\",\"description\":\"Amb el servei de descontaminaci\u00f3 de s\u00f2l, Exariser contribueix a l'sosteniment mediambiental de l'planeta i a garantir la salut de les persones.\",\"breadcrumb\":{\"@id\":\"https:\/\/www.exariser.com\/ca\/serveis\/descontaminacio-de-sol\/#breadcrumb\"},\"inLanguage\":\"ca\",\"potentialAction\":[{\"@type\":\"ReadAction\",\"target\":[\"https:\/\/www.exariser.com\/ca\/serveis\/descontaminacio-de-sol\/\"]}]},{\"@type\":\"BreadcrumbList\",\"@id\":\"https:\/\/www.exariser.com\/ca\/serveis\/descontaminacio-de-sol\/#breadcrumb\",\"itemListElement\":[{\"@type\":\"ListItem\",\"position\":1,\"name\":\"Portada\",\"item\":\"https:\/\/www.exariser.com\/ca\/\"},{\"@type\":\"ListItem\",\"position\":2,\"name\":\"Serveis\",\"item\":\"https:\/\/www.exariser.com\/ca\/serveis\/\"},{\"@type\":\"ListItem\",\"position\":3,\"name\":\"Descontaminaci\u00f3 de s\u00f2l\"}]},{\"@type\":\"WebSite\",\"@id\":\"https:\/\/www.exariser.com\/ca\/#website\",\"url\":\"https:\/\/www.exariser.com\/ca\/\",\"name\":\"exariser.com\",\"description\":\"Otro sitio realizado con WordPress\",\"publisher\":{\"@id\":\"https:\/\/www.exariser.com\/ca\/#organization\"},\"potentialAction\":[{\"@type\":\"SearchAction\",\"target\":{\"@type\":\"EntryPoint\",\"urlTemplate\":\"https:\/\/www.exariser.com\/ca\/?s={search_term_string}\"},\"query-input\":{\"@type\":\"PropertyValueSpecification\",\"valueRequired\":true,\"valueName\":\"search_term_string\"}}],\"inLanguage\":\"ca\"},{\"@type\":\"Organization\",\"@id\":\"https:\/\/www.exariser.com\/ca\/#organization\",\"name\":\"EXARISER\",\"url\":\"https:\/\/www.exariser.com\/ca\/\",\"logo\":{\"@type\":\"ImageObject\",\"inLanguage\":\"ca\",\"@id\":\"https:\/\/www.exariser.com\/ca\/#\/schema\/logo\/image\/\",\"url\":\"https:\/\/www.exariser.com\/wp-content\/uploads\/2020\/05\/exariser-logo.jpg\",\"contentUrl\":\"https:\/\/www.exariser.com\/wp-content\/uploads\/2020\/05\/exariser-logo.jpg\",\"width\":460,\"height\":98,\"caption\":\"EXARISER\"},\"image\":{\"@id\":\"https:\/\/www.exariser.com\/ca\/#\/schema\/logo\/image\/\"}}]}<\/script>\n<!-- \/ Yoast SEO plugin. -->","yoast_head_json":{"title":"Descontaminaci\u00f3 de s\u00f2l i transport de terres contaminades | EXARISER","description":"Amb el servei de descontaminaci\u00f3 de s\u00f2l, Exariser contribueix a l'sosteniment mediambiental de l'planeta i a garantir la salut de les persones.","robots":{"index":"index","follow":"follow","max-snippet":"max-snippet:-1","max-image-preview":"max-image-preview:large","max-video-preview":"max-video-preview:-1"},"canonical":"https:\/\/www.exariser.com\/ca\/serveis\/descontaminacio-de-sol\/","og_locale":"ca_ES","og_type":"article","og_title":"Descontaminaci\u00f3 de s\u00f2l i transport de terres contaminades | EXARISER","og_description":"Amb el servei de descontaminaci\u00f3 de s\u00f2l, Exariser contribueix a l'sosteniment mediambiental de l'planeta i a garantir la salut de les persones.","og_url":"https:\/\/www.exariser.com\/ca\/serveis\/descontaminacio-de-sol\/","og_site_name":"exariser.com","article_modified_time":"2020-11-19T18:28:46+00:00","twitter_card":"summary_large_image","schema":{"@context":"https:\/\/schema.org","@graph":[{"@type":"WebPage","@id":"https:\/\/www.exariser.com\/ca\/serveis\/descontaminacio-de-sol\/","url":"https:\/\/www.exariser.com\/ca\/serveis\/descontaminacio-de-sol\/","name":"Descontaminaci\u00f3 de s\u00f2l i transport de terres contaminades | EXARISER","isPartOf":{"@id":"https:\/\/www.exariser.com\/ca\/#website"},"datePublished":"2020-03-03T11:27:26+00:00","dateModified":"2020-11-19T18:28:46+00:00","description":"Amb el servei de descontaminaci\u00f3 de s\u00f2l, Exariser contribueix a l'sosteniment mediambiental de l'planeta i a garantir la salut de les persones.","breadcrumb":{"@id":"https:\/\/www.exariser.com\/ca\/serveis\/descontaminacio-de-sol\/#breadcrumb"},"inLanguage":"ca","potentialAction":[{"@type":"ReadAction","target":["https:\/\/www.exariser.com\/ca\/serveis\/descontaminacio-de-sol\/"]}]},{"@type":"BreadcrumbList","@id":"https:\/\/www.exariser.com\/ca\/serveis\/descontaminacio-de-sol\/#breadcrumb","itemListElement":[{"@type":"ListItem","position":1,"name":"Portada","item":"https:\/\/www.exariser.com\/ca\/"},{"@type":"ListItem","position":2,"name":"Serveis","item":"https:\/\/www.exariser.com\/ca\/serveis\/"},{"@type":"ListItem","position":3,"name":"Descontaminaci\u00f3 de s\u00f2l"}]},{"@type":"WebSite","@id":"https:\/\/www.exariser.com\/ca\/#website","url":"https:\/\/www.exariser.com\/ca\/","name":"exariser.com","description":"Otro sitio realizado con WordPress","publisher":{"@id":"https:\/\/www.exariser.com\/ca\/#organization"},"potentialAction":[{"@type":"SearchAction","target":{"@type":"EntryPoint","urlTemplate":"https:\/\/www.exariser.com\/ca\/?s={search_term_string}"},"query-input":{"@type":"PropertyValueSpecification","valueRequired":true,"valueName":"search_term_string"}}],"inLanguage":"ca"},{"@type":"Organization","@id":"https:\/\/www.exariser.com\/ca\/#organization","name":"EXARISER","url":"https:\/\/www.exariser.com\/ca\/","logo":{"@type":"ImageObject","inLanguage":"ca","@id":"https:\/\/www.exariser.com\/ca\/#\/schema\/logo\/image\/","url":"https:\/\/www.exariser.com\/wp-content\/uploads\/2020\/05\/exariser-logo.jpg","contentUrl":"https:\/\/www.exariser.com\/wp-content\/uploads\/2020\/05\/exariser-logo.jpg","width":460,"height":98,"caption":"EXARISER"},"image":{"@id":"https:\/\/www.exariser.com\/ca\/#\/schema\/logo\/image\/"}}]}},"_links":{"self":[{"href":"https:\/\/www.exariser.com\/ca\/wp-json\/wp\/v2\/pages\/361"}],"collection":[{"href":"https:\/\/www.exariser.com\/ca\/wp-json\/wp\/v2\/pages"}],"about":[{"href":"https:\/\/www.exariser.com\/ca\/wp-json\/wp\/v2\/types\/page"}],"author":[{"embeddable":true,"href":"https:\/\/www.exariser.com\/ca\/wp-json\/wp\/v2\/users\/2"}],"replies":[{"embeddable":true,"href":"https:\/\/www.exariser.com\/ca\/wp-json\/wp\/v2\/comments?post=361"}],"version-history":[{"count":1,"href":"https:\/\/www.exariser.com\/ca\/wp-json\/wp\/v2\/pages\/361\/revisions"}],"predecessor-version":[{"id":363,"href":"https:\/\/www.exariser.com\/ca\/wp-json\/wp\/v2\/pages\/361\/revisions\/363"}],"up":[{"embeddable":true,"href":"https:\/\/www.exariser.com\/ca\/wp-json\/wp\/v2\/pages\/353"}],"wp:attachment":[{"href":"https:\/\/www.exariser.com\/ca\/wp-json\/wp\/v2\/media?parent=361"}],"curies":[{"name":"wp","href":"https:\/\/api.w.org\/{rel}","templated":true}]}}